{"id":129,"date":"2018-10-18T00:40:15","date_gmt":"2018-10-18T00:40:15","guid":{"rendered":"http:\/\/bigband-oetisheim.de\/?page_id=129"},"modified":"2018-10-18T10:57:52","modified_gmt":"2018-10-18T10:57:52","slug":"geschichte-der-musikfreunde-oetisheim","status":"publish","type":"page","link":"http:\/\/bigband-oetisheim.de\/?page_id=129","title":{"rendered":"Geschichte der Musikfreunde \u00d6tisheim"},"content":{"rendered":"<p>\n<\/p><p><!--StartFragment--><\/p>\n\n\n<p>1993 gr\u00fcndete Gerd Hagmann zusammen mit seinen Freunden die Jazz- und Big Band-Sound orientierte Formation der Musikfreunde \u00d6tisheim. Neben de Gr\u00fcndungsmitgliedern kamen rasch neue Jazz begeisterte Musiker hinzu, aber auch die traditionelle Musik blieb stets ein Anliegen dieser neuen Formation.<\/p>\n\n\n\n<p>Im aktuellen Repertoire von \u00fcber 100 St\u00fccken befinden sich neben ausgew\u00e4hlten Klassikern der Jazz Standards auch rockige oder sanfte Hits der 50er bis 90er Jahre und nat\u00fcrlich auch aus der neueren Zeit.<\/p>\n\n\n<p><!--EndFragment--><\/p>\n<p><\/p>","protected":false},"excerpt":{"rendered":"<p>1993 gr\u00fcndete Gerd Hagmann zusammen mit seinen Freunden die Jazz- und Big Band-Sound orientierte Formation der Musikfreunde \u00d6tisheim. Neben de Gr\u00fcndungsmitgliedern kamen rasch neue Jazz begeisterte Musiker hinzu, aber auch die traditionelle Musik blieb stets ein Anliegen dieser neuen Formation. Im aktuellen Repertoire von \u00fcber 100 St\u00fccken befinden sich neben ausgew\u00e4hlten Klassikern der Jazz Standards&#8230;<\/p>\n","protected":false},"author":1,"featured_media":0,"parent":66,"menu_order":0,"comment_status":"closed","ping_status":"closed","template":"","meta":{"footnotes":""},"class_list":["post-129","page","type-page","status-publish","hentry"],"_links":{"self":[{"href":"http:\/\/bigband-oetisheim.de\/index.php?rest_route=\/wp\/v2\/pages\/129","targetHints":{"allow":["GET"]}}],"collection":[{"href":"http:\/\/bigband-oetisheim.de\/index.php?rest_route=\/wp\/v2\/pages"}],"about":[{"href":"http:\/\/bigband-oetisheim.de\/index.php?rest_route=\/wp\/v2\/types\/page"}],"author":[{"embeddable":true,"href":"http:\/\/bigband-oetisheim.de\/index.php?rest_route=\/wp\/v2\/users\/1"}],"replies":[{"embeddable":true,"href":"http:\/\/bigband-oetisheim.de\/index.php?rest_route=%2Fwp%2Fv2%2Fcomments&post=129"}],"version-history":[{"count":0,"href":"http:\/\/bigband-oetisheim.de\/index.php?rest_route=\/wp\/v2\/pages\/129\/revisions"}],"up":[{"embeddable":true,"href":"http:\/\/bigband-oetisheim.de\/index.php?rest_route=\/wp\/v2\/pages\/66"}],"wp:attachment":[{"href":"http:\/\/bigband-oetisheim.de\/index.php?rest_route=%2Fwp%2Fv2%2Fmedia&parent=129"}],"curies":[{"name":"wp","href":"https:\/\/api.w.org\/{rel}","templated":true}]}}